{"id":346,"date":"2024-12-15T23:07:21","date_gmt":"2024-12-16T04:07:21","guid":{"rendered":"https:\/\/www.aprodeh.org.pe\/checkea\/?page_id=346"},"modified":"2024-12-16T23:42:37","modified_gmt":"2024-12-17T04:42:37","slug":"manuales-contra-la-desinformacion","status":"publish","type":"page","link":"https:\/\/www.aprodeh.org.pe\/checkea\/manuales-contra-la-desinformacion\/","title":{"rendered":"Manuales contra la desinformaci\u00f3n"},"content":{"rendered":"<p><img fetchpriority=\"high\" decoding=\"async\" class=\"alignnone wp-image-349 size-full\" src=\"https:\/\/www.aprodeh.org.pe\/checkea\/wp-content\/uploads\/2024\/12\/como.png\" alt=\"\" width=\"1013\" height=\"787\" srcset=\"https:\/\/www.aprodeh.org.pe\/checkea\/wp-content\/uploads\/2024\/12\/como.png 1013w, https:\/\/www.aprodeh.org.pe\/checkea\/wp-content\/uploads\/2024\/12\/como-300x233.png 300w, https:\/\/www.aprodeh.org.pe\/checkea\/wp-content\/uploads\/2024\/12\/como-768x597.png 768w\" sizes=\"(max-width: 1013px) 100vw, 1013px\" \/><\/p>\n<p>La desinformaci\u00f3n es un problema que afecta a todos. Noticias falsas se propagan r\u00e1pidamente, generando confusi\u00f3n y polarizaci\u00f3n. En CHECKEA, creemos que la educaci\u00f3n es la mejor arma contra este flagelo. Por eso, hemos desarrollado dos manuales pr\u00e1cticos y accesibles para que puedas aprender a identificar y combatir la desinformaci\u00f3n. \u00a1Desc\u00e1rgalos ahora y protege tu derecho a la informaci\u00f3n!<\/p>\n<p>No permitas que la desinformaci\u00f3n te manipule.<\/p>\n<p>Desc\u00e1rgalos aqu\u00ed:<\/p>\n<p><a href=\"https:\/\/drive.google.com\/file\/d\/10rP_0CERq45zSu31UCGWu6PM9bG6cITJ\/view?usp=sharing\"><strong>C\u00f3mo identificar noticias falsas<\/strong><\/a><\/p>\n<p><a href=\"https:\/\/drive.google.com\/file\/d\/1NuGDwy3mqiCAGBisvPdp6M93x7KHUpVM\/view?usp=drive_link\"><strong>C\u00f3mo combatir noticias falsas<\/strong><\/a><\/p>\n<p>Comparte esta informaci\u00f3n con tus contactos. \u00a1Juntos podemos construir una sociedad m\u00e1s informada y justa!<\/p>\n","protected":false},"excerpt":{"rendered":"<p>La desinformaci\u00f3n es un problema que afecta a todos. Noticias falsas se propagan r\u00e1pidamente, generando confusi\u00f3n y polarizaci\u00f3n. En CHECKEA, [&hellip;]<\/p>\n","protected":false},"author":1,"featured_media":0,"parent":0,"menu_order":0,"comment_status":"closed","ping_status":"closed","template":"","meta":{"site-sidebar-layout":"default","site-content-layout":"","ast-site-content-layout":"default","site-content-style":"default","site-sidebar-style":"default","ast-global-header-display":"","ast-banner-title-visibility":"","ast-main-header-display":"","ast-hfb-above-header-display":"","ast-hfb-below-header-display":"","ast-hfb-mobile-header-display":"","site-post-title":"","ast-breadcrumbs-content":"","ast-featured-img":"","footer-sml-layout":"","theme-transparent-header-meta":"default","adv-header-id-meta":"","stick-header-meta":"","header-above-stick-meta":"","header-main-stick-meta":"","header-below-stick-meta":"","astra-migrate-meta-layouts":"set","ast-page-background-enabled":"default","ast-page-background-meta":{"desktop":{"background-color":"var(--ast-global-color-4)","background-image":"","background-repeat":"repeat","background-position":"center center","background-size":"auto","background-attachment":"scroll","background-type":"","background-media":"","overlay-type":"","overlay-color":"","overlay-opacity":"","overlay-gradient":""},"tablet":{"background-color":"","background-image":"","background-repeat":"repeat","background-position":"center center","background-size":"auto","background-attachment":"scroll","background-type":"","background-media":"","overlay-type":"","overlay-color":"","overlay-opacity":"","overlay-gradient":""},"mobile":{"background-color":"","background-image":"","background-repeat":"repeat","background-position":"center center","background-size":"auto","background-attachment":"scroll","background-type":"","background-media":"","overlay-type":"","overlay-color":"","overlay-opacity":"","overlay-gradient":""}},"ast-content-background-meta":{"desktop":{"background-color":"var(--ast-global-color-5)","background-image":"","background-repeat":"repeat","background-position":"center center","background-size":"auto","background-attachment":"scroll","background-type":"","background-media":"","overlay-type":"","overlay-color":"","overlay-opacity":"","overlay-gradient":""},"tablet":{"background-color":"var(--ast-global-color-5)","background-image":"","background-repeat":"repeat","background-position":"center center","background-size":"auto","background-attachment":"scroll","background-type":"","background-media":"","overlay-type":"","overlay-color":"","overlay-opacity":"","overlay-gradient":""},"mobile":{"background-color":"var(--ast-global-color-5)","background-image":"","background-repeat":"repeat","background-position":"center center","background-size":"auto","background-attachment":"scroll","background-type":"","background-media":"","overlay-type":"","overlay-color":"","overlay-opacity":"","overlay-gradient":""}},"footnotes":""},"class_list":["post-346","page","type-page","status-publish","hentry"],"yoast_head":"<!-- This site is optimized with the Yoast SEO plugin v23.8 - https:\/\/yoast.com\/wordpress\/plugins\/seo\/ -->\n<title>Manuales contra la desinformaci\u00f3n - Checkea Noticias | Luchamos contra la desinformaci\u00f3n<\/title>\n<meta name=\"description\" content=\"Aprende a detectar #fakenews. Nuestros manuales gratuitos te equipan con herramientas para verificar la informaci\u00f3n y defender la verdad.\" \/>\n<meta name=\"robots\" content=\"index, follow, max-snippet:-1, max-image-preview:large, max-video-preview:-1\" \/>\n<link rel=\"canonical\" href=\"https:\/\/www.aprodeh.org.pe\/checkea\/manuales-contra-la-desinformacion\/\" \/>\n<meta property=\"og:locale\" content=\"es_ES\" \/>\n<meta property=\"og:type\" content=\"article\" \/>\n<meta property=\"og:title\" content=\"Manuales contra la desinformaci\u00f3n\" \/>\n<meta property=\"og:description\" content=\"Aprende a detectar #fakenews. \u00a1Descarga gratis!\" \/>\n<meta property=\"og:url\" content=\"https:\/\/www.aprodeh.org.pe\/checkea\/manuales-contra-la-desinformacion\/\" \/>\n<meta property=\"og:site_name\" content=\"Checkea Noticias | Luchamos contra la desinformaci\u00f3n\" \/>\n<meta property=\"article:publisher\" content=\"https:\/\/www.facebook.com\/aprodeh\" \/>\n<meta property=\"article:modified_time\" content=\"2024-12-17T04:42:37+00:00\" \/>\n<meta property=\"og:image\" content=\"https:\/\/www.aprodeh.org.pe\/checkea\/wp-content\/uploads\/2024\/12\/manual.png\" \/>\n\t<meta property=\"og:image:width\" content=\"765\" \/>\n\t<meta property=\"og:image:height\" content=\"508\" \/>\n\t<meta property=\"og:image:type\" content=\"image\/png\" \/>\n<meta name=\"twitter:card\" content=\"summary_large_image\" \/>\n<meta name=\"twitter:title\" content=\"Manuales contra la desinformaci\u00f3n\" \/>\n<meta name=\"twitter:description\" content=\"Aprende a detectar #fakenews. \u00a1Descarga gratis!\" \/>\n<meta name=\"twitter:image\" content=\"https:\/\/www.aprodeh.org.pe\/checkea\/wp-content\/uploads\/2024\/12\/manual.png\" \/>\n<meta name=\"twitter:site\" content=\"@Aprodeh\" \/>\n<meta name=\"twitter:label1\" content=\"Tiempo de lectura\" \/>\n\t<meta name=\"twitter:data1\" content=\"1 minuto\" \/>\n<script type=\"application\/ld+json\" class=\"yoast-schema-graph\">{\"@context\":\"https:\/\/schema.org\",\"@graph\":[{\"@type\":\"WebPage\",\"@id\":\"https:\/\/www.aprodeh.org.pe\/checkea\/manuales-contra-la-desinformacion\/\",\"url\":\"https:\/\/www.aprodeh.org.pe\/checkea\/manuales-contra-la-desinformacion\/\",\"name\":\"Manuales contra la desinformaci\u00f3n - Checkea Noticias | Luchamos contra la desinformaci\u00f3n\",\"isPartOf\":{\"@id\":\"https:\/\/www.aprodeh.org.pe\/checkea\/#website\"},\"primaryImageOfPage\":{\"@id\":\"https:\/\/www.aprodeh.org.pe\/checkea\/manuales-contra-la-desinformacion\/#primaryimage\"},\"image\":{\"@id\":\"https:\/\/www.aprodeh.org.pe\/checkea\/manuales-contra-la-desinformacion\/#primaryimage\"},\"thumbnailUrl\":\"https:\/\/www.aprodeh.org.pe\/checkea\/wp-content\/uploads\/2024\/12\/como.png\",\"datePublished\":\"2024-12-16T04:07:21+00:00\",\"dateModified\":\"2024-12-17T04:42:37+00:00\",\"description\":\"Aprende a detectar #fakenews. Nuestros manuales gratuitos te equipan con herramientas para verificar la informaci\u00f3n y defender la verdad.\",\"breadcrumb\":{\"@id\":\"https:\/\/www.aprodeh.org.pe\/checkea\/manuales-contra-la-desinformacion\/#breadcrumb\"},\"inLanguage\":\"es\",\"potentialAction\":[{\"@type\":\"ReadAction\",\"target\":[\"https:\/\/www.aprodeh.org.pe\/checkea\/manuales-contra-la-desinformacion\/\"]}]},{\"@type\":\"ImageObject\",\"inLanguage\":\"es\",\"@id\":\"https:\/\/www.aprodeh.org.pe\/checkea\/manuales-contra-la-desinformacion\/#primaryimage\",\"url\":\"https:\/\/www.aprodeh.org.pe\/checkea\/wp-content\/uploads\/2024\/12\/como.png\",\"contentUrl\":\"https:\/\/www.aprodeh.org.pe\/checkea\/wp-content\/uploads\/2024\/12\/como.png\",\"width\":1013,\"height\":787},{\"@type\":\"BreadcrumbList\",\"@id\":\"https:\/\/www.aprodeh.org.pe\/checkea\/manuales-contra-la-desinformacion\/#breadcrumb\",\"itemListElement\":[{\"@type\":\"ListItem\",\"position\":1,\"name\":\"Portada\",\"item\":\"https:\/\/www.aprodeh.org.pe\/checkea\/\"},{\"@type\":\"ListItem\",\"position\":2,\"name\":\"Manuales contra la desinformaci\u00f3n\"}]},{\"@type\":\"WebSite\",\"@id\":\"https:\/\/www.aprodeh.org.pe\/checkea\/#website\",\"url\":\"https:\/\/www.aprodeh.org.pe\/checkea\/\",\"name\":\"Checkea | Aprodeh contra la desinformaci\u00f3n\",\"description\":\"CHECKEA: Verifica noticias, combate la desinformaci\u00f3n y defiende los derechos humanos en Per\u00fa.\",\"publisher\":{\"@id\":\"https:\/\/www.aprodeh.org.pe\/checkea\/#organization\"},\"potentialAction\":[{\"@type\":\"SearchAction\",\"target\":{\"@type\":\"EntryPoint\",\"urlTemplate\":\"https:\/\/www.aprodeh.org.pe\/checkea\/?s={search_term_string}\"},\"query-input\":{\"@type\":\"PropertyValueSpecification\",\"valueRequired\":true,\"valueName\":\"search_term_string\"}}],\"inLanguage\":\"es\"},{\"@type\":\"Organization\",\"@id\":\"https:\/\/www.aprodeh.org.pe\/checkea\/#organization\",\"name\":\"Checkea | Aprodeh contra la desinformaci\u00f3n\",\"url\":\"https:\/\/www.aprodeh.org.pe\/checkea\/\",\"logo\":{\"@type\":\"ImageObject\",\"inLanguage\":\"es\",\"@id\":\"https:\/\/www.aprodeh.org.pe\/checkea\/#\/schema\/logo\/image\/\",\"url\":\"https:\/\/www.aprodeh.org.pe\/checkea\/wp-content\/uploads\/2024\/11\/logo.jpg\",\"contentUrl\":\"https:\/\/www.aprodeh.org.pe\/checkea\/wp-content\/uploads\/2024\/11\/logo.jpg\",\"width\":654,\"height\":401,\"caption\":\"Checkea | Aprodeh contra la desinformaci\u00f3n\"},\"image\":{\"@id\":\"https:\/\/www.aprodeh.org.pe\/checkea\/#\/schema\/logo\/image\/\"},\"sameAs\":[\"https:\/\/www.facebook.com\/aprodeh\",\"https:\/\/x.com\/Aprodeh\"]}]}<\/script>\n<!-- \/ Yoast SEO plugin. -->","yoast_head_json":{"title":"Manuales contra la desinformaci\u00f3n - Checkea Noticias | Luchamos contra la desinformaci\u00f3n","description":"Aprende a detectar #fakenews. Nuestros manuales gratuitos te equipan con herramientas para verificar la informaci\u00f3n y defender la verdad.","robots":{"index":"index","follow":"follow","max-snippet":"max-snippet:-1","max-image-preview":"max-image-preview:large","max-video-preview":"max-video-preview:-1"},"canonical":"https:\/\/www.aprodeh.org.pe\/checkea\/manuales-contra-la-desinformacion\/","og_locale":"es_ES","og_type":"article","og_title":"Manuales contra la desinformaci\u00f3n","og_description":"Aprende a detectar #fakenews. \u00a1Descarga gratis!","og_url":"https:\/\/www.aprodeh.org.pe\/checkea\/manuales-contra-la-desinformacion\/","og_site_name":"Checkea Noticias | Luchamos contra la desinformaci\u00f3n","article_publisher":"https:\/\/www.facebook.com\/aprodeh","article_modified_time":"2024-12-17T04:42:37+00:00","og_image":[{"width":765,"height":508,"url":"https:\/\/www.aprodeh.org.pe\/checkea\/wp-content\/uploads\/2024\/12\/manual.png","type":"image\/png"}],"twitter_card":"summary_large_image","twitter_title":"Manuales contra la desinformaci\u00f3n","twitter_description":"Aprende a detectar #fakenews. \u00a1Descarga gratis!","twitter_image":"https:\/\/www.aprodeh.org.pe\/checkea\/wp-content\/uploads\/2024\/12\/manual.png","twitter_site":"@Aprodeh","twitter_misc":{"Tiempo de lectura":"1 minuto"},"schema":{"@context":"https:\/\/schema.org","@graph":[{"@type":"WebPage","@id":"https:\/\/www.aprodeh.org.pe\/checkea\/manuales-contra-la-desinformacion\/","url":"https:\/\/www.aprodeh.org.pe\/checkea\/manuales-contra-la-desinformacion\/","name":"Manuales contra la desinformaci\u00f3n - Checkea Noticias | Luchamos contra la desinformaci\u00f3n","isPartOf":{"@id":"https:\/\/www.aprodeh.org.pe\/checkea\/#website"},"primaryImageOfPage":{"@id":"https:\/\/www.aprodeh.org.pe\/checkea\/manuales-contra-la-desinformacion\/#primaryimage"},"image":{"@id":"https:\/\/www.aprodeh.org.pe\/checkea\/manuales-contra-la-desinformacion\/#primaryimage"},"thumbnailUrl":"https:\/\/www.aprodeh.org.pe\/checkea\/wp-content\/uploads\/2024\/12\/como.png","datePublished":"2024-12-16T04:07:21+00:00","dateModified":"2024-12-17T04:42:37+00:00","description":"Aprende a detectar #fakenews. Nuestros manuales gratuitos te equipan con herramientas para verificar la informaci\u00f3n y defender la verdad.","breadcrumb":{"@id":"https:\/\/www.aprodeh.org.pe\/checkea\/manuales-contra-la-desinformacion\/#breadcrumb"},"inLanguage":"es","potentialAction":[{"@type":"ReadAction","target":["https:\/\/www.aprodeh.org.pe\/checkea\/manuales-contra-la-desinformacion\/"]}]},{"@type":"ImageObject","inLanguage":"es","@id":"https:\/\/www.aprodeh.org.pe\/checkea\/manuales-contra-la-desinformacion\/#primaryimage","url":"https:\/\/www.aprodeh.org.pe\/checkea\/wp-content\/uploads\/2024\/12\/como.png","contentUrl":"https:\/\/www.aprodeh.org.pe\/checkea\/wp-content\/uploads\/2024\/12\/como.png","width":1013,"height":787},{"@type":"BreadcrumbList","@id":"https:\/\/www.aprodeh.org.pe\/checkea\/manuales-contra-la-desinformacion\/#breadcrumb","itemListElement":[{"@type":"ListItem","position":1,"name":"Portada","item":"https:\/\/www.aprodeh.org.pe\/checkea\/"},{"@type":"ListItem","position":2,"name":"Manuales contra la desinformaci\u00f3n"}]},{"@type":"WebSite","@id":"https:\/\/www.aprodeh.org.pe\/checkea\/#website","url":"https:\/\/www.aprodeh.org.pe\/checkea\/","name":"Checkea | Aprodeh contra la desinformaci\u00f3n","description":"CHECKEA: Verifica noticias, combate la desinformaci\u00f3n y defiende los derechos humanos en Per\u00fa.","publisher":{"@id":"https:\/\/www.aprodeh.org.pe\/checkea\/#organization"},"potentialAction":[{"@type":"SearchAction","target":{"@type":"EntryPoint","urlTemplate":"https:\/\/www.aprodeh.org.pe\/checkea\/?s={search_term_string}"},"query-input":{"@type":"PropertyValueSpecification","valueRequired":true,"valueName":"search_term_string"}}],"inLanguage":"es"},{"@type":"Organization","@id":"https:\/\/www.aprodeh.org.pe\/checkea\/#organization","name":"Checkea | Aprodeh contra la desinformaci\u00f3n","url":"https:\/\/www.aprodeh.org.pe\/checkea\/","logo":{"@type":"ImageObject","inLanguage":"es","@id":"https:\/\/www.aprodeh.org.pe\/checkea\/#\/schema\/logo\/image\/","url":"https:\/\/www.aprodeh.org.pe\/checkea\/wp-content\/uploads\/2024\/11\/logo.jpg","contentUrl":"https:\/\/www.aprodeh.org.pe\/checkea\/wp-content\/uploads\/2024\/11\/logo.jpg","width":654,"height":401,"caption":"Checkea | Aprodeh contra la desinformaci\u00f3n"},"image":{"@id":"https:\/\/www.aprodeh.org.pe\/checkea\/#\/schema\/logo\/image\/"},"sameAs":["https:\/\/www.facebook.com\/aprodeh","https:\/\/x.com\/Aprodeh"]}]}},"_links":{"self":[{"href":"https:\/\/www.aprodeh.org.pe\/checkea\/wp-json\/wp\/v2\/pages\/346","targetHints":{"allow":["GET"]}}],"collection":[{"href":"https:\/\/www.aprodeh.org.pe\/checkea\/wp-json\/wp\/v2\/pages"}],"about":[{"href":"https:\/\/www.aprodeh.org.pe\/checkea\/wp-json\/wp\/v2\/types\/page"}],"author":[{"embeddable":true,"href":"https:\/\/www.aprodeh.org.pe\/checkea\/wp-json\/wp\/v2\/users\/1"}],"replies":[{"embeddable":true,"href":"https:\/\/www.aprodeh.org.pe\/checkea\/wp-json\/wp\/v2\/comments?post=346"}],"version-history":[{"count":3,"href":"https:\/\/www.aprodeh.org.pe\/checkea\/wp-json\/wp\/v2\/pages\/346\/revisions"}],"predecessor-version":[{"id":351,"href":"https:\/\/www.aprodeh.org.pe\/checkea\/wp-json\/wp\/v2\/pages\/346\/revisions\/351"}],"wp:attachment":[{"href":"https:\/\/www.aprodeh.org.pe\/checkea\/wp-json\/wp\/v2\/media?parent=346"}],"curies":[{"name":"wp","href":"https:\/\/api.w.org\/{rel}","templated":true}]}}